{"id":6,"date":"2018-06-20T13:11:17","date_gmt":"2018-06-20T13:11:17","guid":{"rendered":"http:\/\/www.fahrservice-ulrich.de\/?page_id=6"},"modified":"2018-06-25T18:07:20","modified_gmt":"2018-06-25T18:07:20","slug":"impressum","status":"publish","type":"page","link":"https:\/\/www.fahrservice-ulrich.de\/?page_id=6","title":{"rendered":"Impressum"},"content":{"rendered":"<p>[et_pb_section fb_built=&#8220;1&#8243; disabled_on=&#8220;off|off|off&#8220; _builder_version=&#8220;3.7.1&#8243;][et_pb_row disabled_on=&#8220;on|off|off&#8220; _builder_version=&#8220;3.7.1&#8243; background_size=&#8220;initial&#8220; background_position=&#8220;top_left&#8220; background_repeat=&#8220;repeat&#8220;][et_pb_column type=&#8220;4_4&#8243; _builder_version=&#8220;3.0.47&#8243; parallax=&#8220;off&#8220; parallax_method=&#8220;on&#8220;][et_pb_text _builder_version=&#8220;3.7&#8243;]<\/p>\n<h1>Impressum<\/h1>\n<p>[\/et_pb_text][\/et_pb_column][\/et_pb_row][et_pb_row _builder_version=&#8220;3.7.1&#8243; background_size=&#8220;initial&#8220; background_position=&#8220;top_left&#8220; background_repeat=&#8220;repeat&#8220;][et_pb_column type=&#8220;1_2&#8243; _builder_version=&#8220;3.0.47&#8243; parallax=&#8220;off&#8220; parallax_method=&#8220;on&#8220;][et_pb_text _builder_version=&#8220;3.7.1&#8243;]<\/p>\n<p>Chauffeur &amp; Fahrservice Ulrich GbR<br \/> Am Kugelberg 15<br \/> 19406 Sternberg<\/p>\n<p>GbR<br \/>Dipl.-Ing. Waltraut Ulrich<br \/> Burkhard Ulrich<\/p>\n<p><img loading=\"lazy\" decoding=\"async\" width=\"1\" height=\"5\" alt=\"\" src=\"gfx\/1x1.gif\" \/><br \/> Telefon\/Fax: 03847 2941<br \/> Mobil: 0171 4543414<br \/> E-Mail: info@fahrservice-ulrich.de<\/p>\n<p>[\/et_pb_text][\/et_pb_column][et_pb_column type=&#8220;1_2&#8243; _builder_version=&#8220;3.0.47&#8243; parallax=&#8220;off&#8220; parallax_method=&#8220;on&#8220;][et_pb_text _builder_version=&#8220;3.7&#8243;]<\/p>\n<p>Steuernummer: 086\/166\/11497<br \/> Finanzamt G\u00fcstrow<img loading=\"lazy\" decoding=\"async\" width=\"1\" height=\"5\" alt=\"\" src=\"gfx\/1x1.gif\" \/><br \/> Genehmigungsbeh\u00f6rde: Stra\u00dfenverkehrsamt Parchim<br \/> Rechtsform: Gesellschaft des b\u00fcrgerlichen Rechts<br \/> <img loading=\"lazy\" decoding=\"async\" width=\"1\" height=\"5\" alt=\"\" src=\"gfx\/1x1.gif\" \/><br \/> Verantwortlich f\u00fcr die Inhalte der Website:<br \/> Dipl.-Ing. Waltraut Ulrich<br \/> Gerichtsstand: Schwerin<\/p>\n<p>[\/et_pb_text][\/et_pb_column][\/et_pb_row][\/et_pb_section]<\/p>\n","protected":false},"excerpt":{"rendered":"<p>Impressum Chauffeur &amp; Fahrservice Ulrich GbR Am Kugelberg 15 19406 Sternberg GbRDipl.-Ing. Waltraut Ulrich Burkhard Ulrich Telefon\/Fax: 03847 2941 Mobil: 0171 4543414 E-Mail: info@fahrservice-ulrich.deSteuernummer: 086\/166\/11497 Finanzamt G\u00fcstrow Genehmigungsbeh\u00f6rde: Stra\u00dfenverkehrsamt Parchim Rechtsform: Gesellschaft des b\u00fcrgerlichen Rechts Verantwortlich f\u00fcr die Inhalte der Website: Dipl.-Ing. Waltraut Ulrich Gerichtsstand: Schwerin<\/p>\n","protected":false},"author":1,"featured_media":0,"parent":0,"menu_order":0,"comment_status":"closed","ping_status":"closed","template":"","meta":{"_et_pb_use_builder":"on","_et_pb_old_content":"","_et_gb_content_width":"","footnotes":""},"class_list":["post-6","page","type-page","status-publish","hentry"],"_links":{"self":[{"href":"https:\/\/www.fahrservice-ulrich.de\/index.php?rest_route=\/wp\/v2\/pages\/6","targetHints":{"allow":["GET"]}}],"collection":[{"href":"https:\/\/www.fahrservice-ulrich.de\/index.php?rest_route=\/wp\/v2\/pages"}],"about":[{"href":"https:\/\/www.fahrservice-ulrich.de\/index.php?rest_route=\/wp\/v2\/types\/page"}],"author":[{"embeddable":true,"href":"https:\/\/www.fahrservice-ulrich.de\/index.php?rest_route=\/wp\/v2\/users\/1"}],"replies":[{"embeddable":true,"href":"https:\/\/www.fahrservice-ulrich.de\/index.php?rest_route=%2Fwp%2Fv2%2Fcomments&post=6"}],"version-history":[{"count":11,"href":"https:\/\/www.fahrservice-ulrich.de\/index.php?rest_route=\/wp\/v2\/pages\/6\/revisions"}],"predecessor-version":[{"id":114,"href":"https:\/\/www.fahrservice-ulrich.de\/index.php?rest_route=\/wp\/v2\/pages\/6\/revisions\/114"}],"wp:attachment":[{"href":"https:\/\/www.fahrservice-ulrich.de\/index.php?rest_route=%2Fwp%2Fv2%2Fmedia&parent=6"}],"curies":[{"name":"wp","href":"https:\/\/api.w.org\/{rel}","templated":true}]}}